
{"id":1227,"date":"2019-01-07T07:51:57","date_gmt":"2019-01-07T07:51:57","guid":{"rendered":"http:\/\/hotel.armadainfotech.co\/?page_id=1227"},"modified":"2021-01-26T09:33:36","modified_gmt":"2021-01-26T09:33:36","slug":"meeting","status":"publish","type":"page","link":"https:\/\/armadaavenuehotel.com\/fr\/meeting\/","title":{"rendered":"R\u00e9union"},"content":{"rendered":"<div class=\"vc_row wpb_row vc_row-fluid vc_custom_1546958181049\"><div class=\"wpb_column vc_column_container vc_col-sm-12\"><div class=\"vc_column-inner\"><div class=\"wpb_wrapper\">\n\t<div class=\"wpb_raw_code wpb_content_element wpb_raw_html\" >\n\t\t<div class=\"wpb_wrapper\">\n\t\t\t<div class=\"svg-wrapper\">\n  <svg height=\"60\" width=\"320\" xmlns=\"http:\/\/www.w3.org\/2000\/svg\">\n    <rect class=\"shape\" height=\"60\" width=\"320\" \/>\n    <div class=\"text\">R\u00e9union<\/div>\n  <\/svg>\n<\/div>\n\t\t<\/div>\n\t<\/div>\n<div class=\"vc_row wpb_row vc_inner vc_row-fluid\"><div class=\"wpb_column vc_column_container vc_col-sm-8\"><div class=\"vc_column-inner\"><div class=\"wpb_wrapper\">\n\t<div  class=\"wpb_single_image wpb_content_element vc_align_left\">\n\t\t\n\t\t<figure class=\"wpb_wrapper vc_figure\">\n\t\t\t<div class=\"vc_single_image-wrapper   vc_box_border_grey\"><img loading=\"lazy\" decoding=\"async\" width=\"1920\" height=\"1080\" src=\"https:\/\/armadaavenuehotel.com\/wp-content\/uploads\/2019\/01\/metting.jpeg\" class=\"vc_single_image-img attachment-full\" alt=\"\" srcset=\"https:\/\/armadaavenuehotel.com\/wp-content\/uploads\/2019\/01\/metting.jpeg 1920w, https:\/\/armadaavenuehotel.com\/wp-content\/uploads\/2019\/01\/metting-300x169.jpeg 300w, https:\/\/armadaavenuehotel.com\/wp-content\/uploads\/2019\/01\/metting-768x432.jpeg 768w, https:\/\/armadaavenuehotel.com\/wp-content\/uploads\/2019\/01\/metting-1024x576.jpeg 1024w, https:\/\/armadaavenuehotel.com\/wp-content\/uploads\/2019\/01\/metting-100x56.jpeg 100w\" sizes=\"(max-width: 1920px) 100vw, 1920px\" \/><\/div>\n\t\t<\/figure>\n\t<\/div>\n\n\t<div class=\"wpb_text_column wpb_content_element\" >\n\t\t<div class=\"wpb_wrapper\">\n\t\t\t<p>\u00c0 l\u2019h\u00f4tel Armada Avenue, nous vous offrons plus qu\u2019un espace pour vos r\u00e9unions. Avec l\u2019aide de notre  \u00e9quipe d\u00e9vou\u00e9e  \u00e0 satisfaire vos besoins, votre \u00e9v\u00e9nement deviendra une exp\u00e9rience \u00e0 savourer.<br \/>\nC'est l\u2019espace id\u00e9al pour les r\u00e9unions du conseil, les conf\u00e9rences, les conseils d\u2019administration et les \u00e9v\u00e9nements. La salle de conf\u00e9rence est \u00e9quip\u00e9e d\u2019un syst\u00e8me audiovisuel complet, ainsi que d'une \u00e9quipe de professionnels de l\u2019\u00e9v\u00e8nementiel et de la restauration \u00e0 votre service.<\/p>\n<p>Les salles sont modulables selon vos besoins et disposent d\u2019un service de traiteur exquis et sp\u00e9cialis\u00e9, adapt\u00e9 \u00e0 vos pr\u00e9f\u00e9rences :<\/p>\n<p>\u2022 Buffet \u00e0 th\u00e8me et d\u00e9coration des lieux<br \/>\n\u2022 Pauses-caf\u00e9<br \/>\n\u2022 Menus pour le d\u00e9jeuner et le d\u00eener<br \/>\n\u2022 Canap\u00e9s<br \/>\n\u2022 Menus de r\u00e9ception<\/p>\n<p>Pour plus d'informations ou pour r\u00e9server votre \u00e9v\u00e9nement, veuillez envoyer un courriel \u00e0 sales@armadaavenue.com.<\/p>\n\n\t\t<\/div>\n\t<\/div>\n<\/div><\/div><\/div><div class=\"wpb_column vc_column_container vc_col-sm-4\"><div class=\"vc_column-inner\"><div class=\"wpb_wrapper\">\t\t\r\n\t\t<!-- BEGIN .vertical-booking-form-wrapper -->\r\n\t\t<div class=\"vertical-booking-form-wrapper\">\r\n\r\n\t\t\t<!-- BEGIN .booking-form -->\r\n\t\t\t<form class=\"booking-form vertical-booking-form\" action=\"https:\/\/armadaavenuehotel.com\/fr\/bookings\/\" method=\"post\" autocomplete=\"off\" data-trp-original-action=\"\/bookings\/\">\t\r\n\t\t\t\t\r\n\t\t\t\t<input type=\"hidden\" id=\"check_in_hidden\" value=\"\" \/>\r\n\t\t\t\t\r\n\t\t\t\t\t\t\t\t\r\n\t\t\t\t<div class=\"booking-form-input-1\">\r\n\t\t\t\t\t<label for=\"check_in\">Check In<\/label>\r\n\t\t\t\t\t<div class=\"input-wrapper\">\r\n\t\t\t\t\t\t<i class=\"fa fa-angle-down\"><\/i>\r\n\t\t\t\t\t\t<input type=\"text\" id=\"check_in\" name=\"check_in_display\" value=\"Check In\" \/>\r\n\t\t\t\t\t\t<input type=\"hidden\" id=\"check_in_alt\" name=\"check_in\" value=\"\" \/>\r\n\t\t\t\t\t<\/div>\r\n\t\t\t\t<\/div>\r\n\r\n\t\t\t\t<div class=\"booking-form-input-2\">\r\n\t\t\t\t\t<label for=\"check_out\">Check Out<\/label>\r\n\t\t\t\t\t<div class=\"input-wrapper\">\r\n\t\t\t\t\t\t<i class=\"fa fa-angle-down\"><\/i>\r\n\t\t\t\t\t\t<input type=\"text\" id=\"check_out\" name=\"check_out_display\" value=\"Check Out\" \/>\r\n\t\t\t\t\t\t<input type=\"hidden\" id=\"check_out_alt\" name=\"check_out\" value=\"\" \/>\r\n\t\t\t\t\t<\/div>\r\n\t\t\t\t<\/div>\r\n\r\n\t\t\t\t<div class=\"booking-form-input-3 clearfix\">\r\n\r\n\t\t\t\t\t<div class=\"qns-one-half\">\r\n\t\t\t\t\t\t<label for=\"book_room_adults_1\">Adultes<\/label>\r\n\t\t\t\t\t\t<div class=\"select-wrapper\">\r\n\t\t\t\t\t\t\t<i class=\"fa fa-angle-down\"><\/i>\r\n\t\t\t\t\t\t\t<select id=\"book_room_adults_1\" name=\"book_room_adults_1\">\r\n\t\t\t\t\t\t\t\t<option value=\"none\">Adultes<\/option> \r\n\t\t\t\t\t\t\t\t\t\t\t\t\t\t\t\t\t<option value=\"1\">1<\/option>\r\n\t\t\t\t\t\t\t\t\t\t\t\t\t\t\t\t\t<option value=\"2\">2<\/option>\r\n\t\t\t\t\t\t\t\t\t\t\t\t\t\t\t\t\t<option value=\"3\">3<\/option>\r\n\t\t\t\t\t\t\t\t\t\t\t\t\t\t\t\t\t<option value=\"4\">4<\/option>\r\n\t\t\t\t\t\t\t\t\t\t\t\t\t\t\t\t\t<option value=\"5\">5<\/option>\r\n\t\t\t\t\t\t\t\t\t\t\t\t\t\t\t<\/select>\r\n\t\t\t\t\t\t<\/div>\r\n\t\t\t\t\t<\/div>\r\n\r\n\t\t\t\t\t<div class=\"qns-one-half qns-last\">\r\n\t\t\t\t\t\t<label for=\"book_room_children_1\">Enfants<\/label>\r\n\t\t\t\t\t\t<div class=\"select-wrapper\">\r\n\t\t\t\t\t\t\t<i class=\"fa fa-angle-down\"><\/i>\r\n\t\t\t\t\t\t\t<select id=\"book_room_children_1\" name=\"book_room_children_1\">\r\n\t\t\t\t\t\t\t<!--\t<option value=\"none\">Children<\/option> -->\r\n\t\t\t\t\t\t\t\t\t\t\t\t\t\t\t\t\t<option value=\"0\">0<\/option>\r\n\t\t\t\t\t\t\t\t\t\t\t\t\t\t\t\t\t<option value=\"1\">1<\/option>\r\n\t\t\t\t\t\t\t\t\t\t\t\t\t\t\t\t\t<option value=\"2\">2<\/option>\r\n\t\t\t\t\t\t\t\t\t\t\t\t\t\t\t\t\t<option value=\"3\">3<\/option>\r\n\t\t\t\t\t\t\t\t\t\t\t\t\t\t\t\t\t<option value=\"4\">4<\/option>\r\n\t\t\t\t\t\t\t\t\t\t\t\t\t\t\t\t\t<option value=\"5\">5<\/option>\r\n\t\t\t\t\t\t\t\t\t\t\t\t\t\t\t<\/select>\r\n\t\t\t\t\t\t<\/div>\r\n\t\t\t\t\t<\/div>\r\n\r\n\t\t\t\t<\/div>\r\n\r\n\t\t\t\t<div class=\"booking-form-input-5\">\r\n\t\t\t\t\t<input type=\"hidden\" id=\"external_form\" name=\"external_form\" value=\"true\" \/>\r\n\t\t\t\t\t<input type=\"hidden\" id=\"book_room\" name=\"book_room\" value=\"1\" \/>\r\n\t\t\t\t\t<button type=\"submit\" class=\"external_bookingbutton\">Voir les disponibilit\u00e9s <i class=\"fa fa-calendar\"><\/i><\/button>\r\n\t\t\t\t<\/div>\r\n\r\n\t\t\t<!-- END  .booking-form -->\r\n\t\t\t<input type=\"hidden\" name=\"trp-form-language\" value=\"fr\"\/><\/form>\r\n\t\t\t\r\n\t\t<!-- END .vertical-booking-form-wrapper -->\r\n\t\t<\/div>\r\n\t\r\n\t<section class=\"sohohotel-icon-text-wrapper-1 sohohotel-clearfix\"><div class=\"sohohotel-icon-text-block sohohotel-clearfix\">\n\t\t<div class=\"sohohotel-icon\"><i class=\"fa fa-thumbs-up\"><\/i><\/div>\n\t\t<div class=\"sohohotel-text\">\n\t\t\t<h4>Meilleur Tarif Garanti<\/h4>\n\t\t\t<p>R\u00e9servez maintenant avant qu\u2019il ne soit trop tard!<\/p>\n\t\t<\/div>\n\t\t<\/div><\/section><section class=\"sohohotel-icon-text-wrapper-1 sohohotel-clearfix\"><div class=\"sohohotel-icon-text-block sohohotel-clearfix\">\n\t\t<div class=\"sohohotel-icon\"><i class=\"fa fa-lock\"><\/i><\/div>\n\t\t<div class=\"sohohotel-text\">\n\t\t\t<h4>R\u00e9servation S\u00e9curis\u00e9e<\/h4>\n\t\t\t<p>R\u00e9servez directement avec Armada Avenue.<\/p>\n\t\t<\/div>\n\t\t<\/div><\/section><section class=\"sohohotel-icon-text-wrapper-1 sohohotel-clearfix\"><div class=\"sohohotel-icon-text-block sohohotel-clearfix\">\n\t\t<div class=\"sohohotel-icon\"><i class=\"fa fa-car\"><\/i><\/div>\n\t\t<div class=\"sohohotel-text\">\n\t\t\t<h4>Stationnement Gratuit Sur Place<\/h4>\n\t\t\t<p>Profitez d\u2019un parking gratuit pendant votre s\u00e9jour.<\/p>\n\t\t<\/div>\n\t\t<\/div><\/section><section class=\"sohohotel-icon-text-wrapper-1 sohohotel-clearfix\"><div class=\"sohohotel-icon-text-block sohohotel-clearfix\">\n\t\t<div class=\"sohohotel-icon\"><i class=\"fa fa-wifi\"><\/i><\/div>\n\t\t<div class=\"sohohotel-text\">\n\t\t\t<h4>WiFi Gratuit<\/h4>\n\t\t\t<p>Profitez d'un service de WiFi gratuit dans notre h\u00f4tel.<\/p>\n\t\t<\/div>\n\t\t<\/div><\/section><\/div><\/div><\/div><\/div><\/div><\/div><\/div><\/div><div class=\"vc_row wpb_row vc_row-fluid\"><div class=\"wpb_column vc_column_container vc_col-sm-12\"><div class=\"vc_column-inner\"><div class=\"wpb_wrapper\"><\/div><\/div><\/div><\/div>","protected":false},"excerpt":{"rendered":"Meeting At Armada Avenue Hotel, gatherings are about more than space. With the assistance of a dedicated team aiding you in realizing your needs for your event, it will become an experience to relish. The perfect space for board meetings, conferences, boards of directors, and events. The conference room equipped with a full audiovisual system,<a href=\"https:\/\/armadaavenuehotel.com\/fr\/meeting\/\" class=\"sohohotel-more-link\">Lire plus<i class=\"fa fa-angle-right\"><\/i><\/a>","protected":false},"author":1,"featured_media":0,"parent":0,"menu_order":0,"comment_status":"closed","ping_status":"closed","template":"","meta":{"footnotes":""},"_links":{"self":[{"href":"https:\/\/armadaavenuehotel.com\/fr\/wp-json\/wp\/v2\/pages\/1227"}],"collection":[{"href":"https:\/\/armadaavenuehotel.com\/fr\/wp-json\/wp\/v2\/pages"}],"about":[{"href":"https:\/\/armadaavenuehotel.com\/fr\/wp-json\/wp\/v2\/types\/page"}],"author":[{"embeddable":true,"href":"https:\/\/armadaavenuehotel.com\/fr\/wp-json\/wp\/v2\/users\/1"}],"replies":[{"embeddable":true,"href":"https:\/\/armadaavenuehotel.com\/fr\/wp-json\/wp\/v2\/comments?post=1227"}],"version-history":[{"count":3,"href":"https:\/\/armadaavenuehotel.com\/fr\/wp-json\/wp\/v2\/pages\/1227\/revisions"}],"predecessor-version":[{"id":1975,"href":"https:\/\/armadaavenuehotel.com\/fr\/wp-json\/wp\/v2\/pages\/1227\/revisions\/1975"}],"wp:attachment":[{"href":"https:\/\/armadaavenuehotel.com\/fr\/wp-json\/wp\/v2\/media?parent=1227"}],"curies":[{"name":"wp","href":"https:\/\/api.w.org\/{rel}","templated":true}]}}